{"id":21790,"date":"2023-06-03T17:19:24","date_gmt":"2023-06-03T14:19:24","guid":{"rendered":"https:\/\/honar.by\/?post_type=product&#038;p=21790"},"modified":"2025-08-25T15:58:43","modified_gmt":"2025-08-25T12:58:43","slug":"portki-mstsislau","status":"publish","type":"product","link":"https:\/\/honar.by\/en\/product\/portki-mstsislau\/","title":{"rendered":"Trousers M\u015bcis\u0142a\u016d"},"content":{"rendered":"","protected":false},"excerpt":{"rendered":"<p>Knitted trousers with pockets<br \/>\n80% cotton, 20% polyester<br \/>\nColor: black, embroidery &#8220;M\u015bcis\u0142a\u016d&#8221;<\/p>\n<p>Handmade\u00a0from Belarus<\/p>\n","protected":false},"featured_media":21798,"comment_status":"closed","ping_status":"closed","template":"","meta":[],"product_cat":[7],"product_tag":[],"_links":{"self":[{"href":"https:\/\/honar.by\/en\/wp-json\/wp\/v2\/product\/21790"}],"collection":[{"href":"https:\/\/honar.by\/en\/wp-json\/wp\/v2\/product"}],"about":[{"href":"https:\/\/honar.by\/en\/wp-json\/wp\/v2\/types\/product"}],"replies":[{"embeddable":true,"href":"https:\/\/honar.by\/en\/wp-json\/wp\/v2\/comments?post=21790"}],"wp:featuredmedia":[{"embeddable":true,"href":"https:\/\/honar.by\/en\/wp-json\/wp\/v2\/media\/21798"}],"wp:attachment":[{"href":"https:\/\/honar.by\/en\/wp-json\/wp\/v2\/media?parent=21790"}],"wp:term":[{"taxonomy":"product_cat","embeddable":true,"href":"https:\/\/honar.by\/en\/wp-json\/wp\/v2\/product_cat?post=21790"},{"taxonomy":"product_tag","embeddable":true,"href":"https:\/\/honar.by\/en\/wp-json\/wp\/v2\/product_tag?post=21790"}],"curies":[{"name":"wp","href":"https:\/\/api.w.org\/{rel}","templated":true}]}}