{"id":21775,"date":"2023-06-03T15:55:39","date_gmt":"2023-06-03T12:55:39","guid":{"rendered":"https:\/\/honar.by\/?post_type=product&#038;p=21775"},"modified":"2026-04-15T15:15:06","modified_gmt":"2026-04-15T12:15:06","slug":"nahavicy-mscislau-2","status":"publish","type":"product","link":"https:\/\/honar.by\/en\/product\/nahavicy-mscislau-2\/","title":{"rendered":"Trousers M\u015bcis\u0142a\u016d"},"content":{"rendered":"","protected":false},"excerpt":{"rendered":"<p>Knitted trousers with pockets<br \/>\n80% cotton, 20% polyester<br \/>\nColor: yellow, embroidery &#8220;M\u015bcis\u0142a\u016d&#8221;<\/p>\n<p>Size 50<\/p>\n<p>Handmade\u00a0from Belarus<\/p>\n","protected":false},"featured_media":27573,"comment_status":"closed","ping_status":"closed","template":"","meta":[],"product_cat":[7,316],"product_tag":[],"_links":{"self":[{"href":"https:\/\/honar.by\/en\/wp-json\/wp\/v2\/product\/21775"}],"collection":[{"href":"https:\/\/honar.by\/en\/wp-json\/wp\/v2\/product"}],"about":[{"href":"https:\/\/honar.by\/en\/wp-json\/wp\/v2\/types\/product"}],"replies":[{"embeddable":true,"href":"https:\/\/honar.by\/en\/wp-json\/wp\/v2\/comments?post=21775"}],"wp:featuredmedia":[{"embeddable":true,"href":"https:\/\/honar.by\/en\/wp-json\/wp\/v2\/media\/27573"}],"wp:attachment":[{"href":"https:\/\/honar.by\/en\/wp-json\/wp\/v2\/media?parent=21775"}],"wp:term":[{"taxonomy":"product_cat","embeddable":true,"href":"https:\/\/honar.by\/en\/wp-json\/wp\/v2\/product_cat?post=21775"},{"taxonomy":"product_tag","embeddable":true,"href":"https:\/\/honar.by\/en\/wp-json\/wp\/v2\/product_tag?post=21775"}],"curies":[{"name":"wp","href":"https:\/\/api.w.org\/{rel}","templated":true}]}}