{"id":83,"date":"2015-05-14T17:40:08","date_gmt":"2015-05-14T14:40:08","guid":{"rendered":"http:\/\/honar.by\/?page_id=83"},"modified":"2026-01-22T20:11:03","modified_gmt":"2026-01-22T17:11:03","slug":"kantakty","status":"publish","type":"page","link":"https:\/\/honar.by\/en\/kantakty\/","title":{"rendered":"Contacts"},"content":{"rendered":"<p><strong>Phones<\/strong><br \/>\n+37529 628 38 73<br \/>\n+37529 779 08 58<\/p>\n<p><strong>E-mail<\/strong><br \/>\n<a href=\"mailto:honar.adziennie@gmail.com\">honar.adziennie@gmail.com<\/a><\/p>\n<p><strong>Showroom 1H<br \/>\n<\/strong>Uljana\u016dskaja street, 29-1H, Minsk, Belarus<br \/>\nMonday-Friday 12.00-20.00<br \/>\nSaturday-Sunday 12.00-17.00<\/p>\n<p>Post address<br \/>\n220020, Pieramo\u017eca\u016d av., 97\/1-175, Minsk, Belarus<\/p>","protected":false},"excerpt":{"rendered":"<p>Phones +37529 628 38 73 +37529 779 08 58 E-mail honar.adziennie@gmail.com Showroom 1H Uljana\u016dskaja street, 29-1H, Minsk, Belarus Monday-Friday 12.00-20.00 Saturday-Sunday 12.00-17.00 Post address 220020, Pieramo\u017eca\u016d av., 97\/1-175, Minsk, Belarus<\/p>\n","protected":false},"author":1,"featured_media":16403,"parent":0,"menu_order":0,"comment_status":"closed","ping_status":"closed","template":"","meta":[],"_links":{"self":[{"href":"https:\/\/honar.by\/en\/wp-json\/wp\/v2\/pages\/83"}],"collection":[{"href":"https:\/\/honar.by\/en\/wp-json\/wp\/v2\/pages"}],"about":[{"href":"https:\/\/honar.by\/en\/wp-json\/wp\/v2\/types\/page"}],"author":[{"embeddable":true,"href":"https:\/\/honar.by\/en\/wp-json\/wp\/v2\/users\/1"}],"replies":[{"embeddable":true,"href":"https:\/\/honar.by\/en\/wp-json\/wp\/v2\/comments?post=83"}],"version-history":[{"count":8,"href":"https:\/\/honar.by\/en\/wp-json\/wp\/v2\/pages\/83\/revisions"}],"predecessor-version":[{"id":33228,"href":"https:\/\/honar.by\/en\/wp-json\/wp\/v2\/pages\/83\/revisions\/33228"}],"wp:featuredmedia":[{"embeddable":true,"href":"https:\/\/honar.by\/en\/wp-json\/wp\/v2\/media\/16403"}],"wp:attachment":[{"href":"https:\/\/honar.by\/en\/wp-json\/wp\/v2\/media?parent=83"}],"curies":[{"name":"wp","href":"https:\/\/api.w.org\/{rel}","templated":true}]}}